{"id":18,"date":"2018-08-25T19:49:22","date_gmt":"2018-08-25T17:49:22","guid":{"rendered":"http:\/\/cms.wbrgmbh.de\/?page_id=18"},"modified":"2024-06-06T08:22:49","modified_gmt":"2024-06-06T06:22:49","slug":"leistungen","status":"publish","type":"page","link":"https:\/\/wbrgmbh.de\/?page_id=18","title":{"rendered":"Leistungen"},"content":{"rendered":"<p><strong>Wir bieten Ihnen:<\/strong><\/p>\n<ul>\n<li>Erdaufbereitung (Siebanlage)<\/li>\n<li>Abfall Annahmestelle (Kleinmengen)<\/li>\n<li>Herstellung von Recycling Produkten (Recyclinganlage)<\/li>\n<\/ul>\n<hr \/>\n<p><strong>Erdaufbereitung (Siebanlage)<\/strong><\/p>\n<ul>\n<li>In unserer modernen Siebanlage k\u00f6nnen wir Material (Beton mit Erde u. Bauschutt gemischt) so aufbereiten das es problemlos wieder verwertet werden kann.<\/li>\n<\/ul>\n<p><img decoding=\"async\" loading=\"lazy\" class=\"alignnone size-medium wp-image-62\" src=\"http:\/\/cms.wbrgmbh.de\/wp-content\/uploads\/2018\/08\/erdaufb1-300x225.jpg\" alt=\"\" width=\"300\" height=\"225\" srcset=\"https:\/\/wbrgmbh.de\/wp-content\/uploads\/2018\/08\/erdaufb1-300x225.jpg 300w, https:\/\/wbrgmbh.de\/wp-content\/uploads\/2018\/08\/erdaufb1.jpg 350w\" sizes=\"(max-width: 300px) 100vw, 300px\" \/> <img decoding=\"async\" loading=\"lazy\" class=\"alignnone size-medium wp-image-63\" src=\"http:\/\/cms.wbrgmbh.de\/wp-content\/uploads\/2018\/08\/erdaufb2-300x225.jpg\" alt=\"\" width=\"300\" height=\"225\" srcset=\"https:\/\/wbrgmbh.de\/wp-content\/uploads\/2018\/08\/erdaufb2-300x225.jpg 300w, https:\/\/wbrgmbh.de\/wp-content\/uploads\/2018\/08\/erdaufb2.jpg 350w\" sizes=\"(max-width: 300px) 100vw, 300px\" \/><\/p>\n<hr \/>\n<p><strong>Herstellung von Recycling Produkten (Recyclinganlage)<\/strong><\/p>\n<ul>\n<li>Wir bieten Ihnen selbst hergestellte und G\u00fcte\u00fcberwachte Recycling Produkte in bester Qualit\u00e4t von 0\/8 &#8211; 45x<\/li>\n<\/ul>\n<p><img decoding=\"async\" loading=\"lazy\" class=\"alignnone size-medium wp-image-95\" src=\"http:\/\/cms.wbrgmbh.de\/wp-content\/uploads\/2018\/08\/DiverseVerkaufsmaterialien-300x225.jpg\" alt=\"\" width=\"300\" height=\"225\" srcset=\"https:\/\/wbrgmbh.de\/wp-content\/uploads\/2018\/08\/DiverseVerkaufsmaterialien-300x225.jpg 300w, https:\/\/wbrgmbh.de\/wp-content\/uploads\/2018\/08\/DiverseVerkaufsmaterialien.jpg 700w\" sizes=\"(max-width: 300px) 100vw, 300px\" \/><\/p>\n<hr \/>\n<p><strong>Verkauf und Vertrieb von:<\/strong><\/p>\n<ul>\n<li><strong>Selbst Hergestellten Recycling Produkten<\/strong><br \/>\nWir bieten Ihnen Recycling Produkte in bester Qualit\u00e4t.<br \/>\nVom Recyclingsand 0\/8 bis hin zu Knollschlag 45x<\/li>\n<li><strong>Sand<\/strong><br \/>\nBei uns erhalten Sie verschieden Sorten Sand f\u00fcr die Baustelle.<\/li>\n<li><strong>Mineralschotter und -splitt<\/strong><br \/>\nBasaltmineralschotter in allen Gr\u00f6\u00dfen<br \/>\nMineralanlieferung sowie -abholung in unserer eigenen modernen Anlage!<\/li>\n<li><strong>Kies<\/strong><br \/>\nverschiedene Sorten von Kies: Filter- und Drainagekies<\/li>\n<li><strong>gesiebter Oberboden<\/strong><br \/>\naus eigener Herstellung Ideal f\u00fcr G\u00e4rtnereien und Gartenbaubetriebe<\/li>\n<li><strong>Zertifizierter Kompost<\/strong><\/li>\n<li><strong>Rindenmulch<br \/>\n<\/strong>grober Rindenmulch 10 bis 40<\/li>\n<li><strong>exklusive Garten- und Landschaftsbaumaterialien<br \/>\n<\/strong>Findlinge, Sandstein, Quarzit, Basalt, Jurabl\u00f6cke<\/li>\n<\/ul>\n<hr \/>\n<p><strong>Kleinannahmestelle f\u00fcr folgende Abf\u00e4lle :<\/strong><\/p>\n<ul>\n<li>Gewerbeabfall<\/li>\n<li>unbelasteter Bauschutt<\/li>\n<li>\u00a0unbelasteter Erdaushub<\/li>\n<li>Baustellenabfall<\/li>\n<li>Gartenabf\u00e4lle (wie z.B. Wurzeln, \u00c4ste und Stammholz etc.)<\/li>\n<li>Altpapier<\/li>\n<li>Altholz<\/li>\n<li>Naturholz<\/li>\n<li>Folien<\/li>\n<li>sowie diverse andere Abf\u00e4lle au\u00dfer Hausm\u00fcll und Bioabf\u00e4lle .<\/li>\n<\/ul>\n","protected":false},"excerpt":{"rendered":"<p>Wir bieten Ihnen: Erdaufbereitung (Siebanlage) Abfall Annahmestelle (Kleinmengen) Herstellung von Recycling Produkten (Recyclinganlage) Erdaufbereitung (Siebanlage) In unserer modernen Siebanlage k\u00f6nnen wir Material (Beton mit Erde u. Bauschutt gemischt) so aufbereiten das es problemlos wieder verwertet werden kann. Herstellung von Recycling Produkten (Recyclinganlage) Wir bieten Ihnen selbst hergestellte und G\u00fcte\u00fcberwachte Recycling Produkte in bester Qualit\u00e4t von &hellip; <a href=\"https:\/\/wbrgmbh.de\/?page_id=18\" class=\"more-link\"><span class=\"screen-reader-text\">Leistungen<\/span> weiterlesen <span class=\"meta-nav\">&rarr;<\/span><\/a><\/p>\n","protected":false},"author":1,"featured_media":0,"parent":0,"menu_order":3,"comment_status":"closed","ping_status":"closed","template":"","meta":[],"_links":{"self":[{"href":"https:\/\/wbrgmbh.de\/index.php?rest_route=\/wp\/v2\/pages\/18"}],"collection":[{"href":"https:\/\/wbrgmbh.de\/index.php?rest_route=\/wp\/v2\/pages"}],"about":[{"href":"https:\/\/wbrgmbh.de\/index.php?rest_route=\/wp\/v2\/types\/page"}],"author":[{"embeddable":true,"href":"https:\/\/wbrgmbh.de\/index.php?rest_route=\/wp\/v2\/users\/1"}],"replies":[{"embeddable":true,"href":"https:\/\/wbrgmbh.de\/index.php?rest_route=%2Fwp%2Fv2%2Fcomments&post=18"}],"version-history":[{"count":31,"href":"https:\/\/wbrgmbh.de\/index.php?rest_route=\/wp\/v2\/pages\/18\/revisions"}],"predecessor-version":[{"id":457,"href":"https:\/\/wbrgmbh.de\/index.php?rest_route=\/wp\/v2\/pages\/18\/revisions\/457"}],"wp:attachment":[{"href":"https:\/\/wbrgmbh.de\/index.php?rest_route=%2Fwp%2Fv2%2Fmedia&parent=18"}],"curies":[{"name":"wp","href":"https:\/\/api.w.org\/{rel}","templated":true}]}}