{"id":24,"date":"2018-08-25T19:51:28","date_gmt":"2018-08-25T17:51:28","guid":{"rendered":"http:\/\/cms.wbrgmbh.de\/?page_id=24"},"modified":"2025-08-07T14:49:37","modified_gmt":"2025-08-07T12:49:37","slug":"impressum","status":"publish","type":"page","link":"https:\/\/wbrgmbh.de\/?page_id=24","title":{"rendered":"Impressum und AGB"},"content":{"rendered":"<p><strong>Anschrift:<\/strong><\/p>\n<p>W\u00f6lfersheimer Bauschutt &amp; Rohstoff Verwertung GmbH<br \/>Auf dem Hals 2 &#8211; 4<br \/>61200 W\u00f6lfersheim \/ Berstadt<strong>\u00a0 \u00a0 \u00a0 \u00a0 \u00a0 \u00a0 \u00a0 \u00a0 \u00a0 \u00a0 \u00a0 \u00a0 \u00a0 \u00a0 \u00a0 \u00a0 \u00a0 \u00a0 \u00a0 \u00a0 \u00a0 \u00a0<\/strong><\/p>\n<p><strong>Kontakt: <\/strong><\/p>\n<p><strong>Betriebsleitung:<br \/><\/strong>Tel.:\u00a0 \u00a006036. 9047830<br \/>Fax.:\u00a0 06036. 9047837<br \/>timm.jakob@wbrgmbh.de<\/p>\n<p><strong>Kontakt:\u00a0 \u00a0 \u00a0 \u00a0<\/strong><\/p>\n<p><strong>Buchhaltung:<br \/><\/strong>Tel.:\u00a0 \u00a006036. 9047831<br \/>Fax.:\u00a0 06036. 9047837<br \/>timm.jakob@wbrgmbh.de<\/p>\n<p><strong>Gesch\u00e4ftsf\u00fchrerin:<br \/><\/strong>Tatiana Mularcikova-Lindt<\/p>\n<p><strong>Sitz:<br \/><\/strong>W\u00f6lfersheim \/ Berstadt<br \/>AG Friedberg HRB 6540<br \/>USt-IdNr.: DE 257151756<\/p>\n<p><strong>Rechtshinweis:<br \/><\/strong>Der Herausgeber \u00fcbernimmt keine Haftung f\u00fcr die Richtigkeit, Vollst\u00e4ndigkeit und Aktualit\u00e4t der zur Verf\u00fcgung gestellten Informationen.<br \/>Gleiches gilt auch f\u00fcr alle anderen Websites, auf die evtl. mittels Hyperlink verwiesen wird, da er f\u00fcr deren Inhalt nicht verantwortlich ist.<\/p>\n<p><strong>Haftungsausschluss:<\/strong><br \/>Nach dem Teledienstgesetz (TDG) ist der Herausgeber nicht dazu verpflichtet, die Inhalte fremder Anbieter, auf die er verweist, st\u00e4ndig auf zivil- oder strafrechtliche Verantwortlichkeit neu zu \u00fcberpr\u00fcfen. Haftung sowie Garantie auf Richtigkeit, Vollst\u00e4ndigkeit und Aktualit\u00e4t der Inhalte kann durch den Herausgeber daher nicht \u00fcbernommen werden.<\/p>\n\n\n<h2>Auszug aus den Allgemeinen Gesch\u00e4ftsbedingungen <\/h2>\n\n\n\n<p><br>I) Angebot und Abschluss von Vertr\u00e4gen mit der Firma W\u00f6lfersheimer Bauschutt und Rohstoffverwertung GmbH \u00fcber Entsorgung, Anlieferung und Abnahme von recyclingf\u00e4higem Material.<br>1) Unsere Lieferungen und Leistungen sowie Ein- und Zwischenlagerung erfolgen ausschlie\u00dflich aufgrund dieser Gesch\u00e4ftsbedingungen. Sie gelten deshalb auch f\u00fcr alle zuk\u00fcnftigen Leistungen, auch wenn sie nicht nochmals ausdr\u00fccklich vereinbart werden. Sie sind die Grundlage aller Vertr\u00e4ge, die mit uns m\u00fcndlich, telefonisch, per E-Mail oder schriftlich abgeschlossen werden.<br>II) Anlieferung, Annahme, Entsorgung und Wiederverwertung<br>1) Die Anlieferung erfolgt auf Risiko und Gefahr des Kunden. Eine Entscheidung zur Annahme des angelieferten\/abgeholten Materials wird erst getroffen, nach Pr\u00fcfung und Sichtung des Materials in unserer Anlage. Der Anlieferer ist verpflichtet Auskunft \u00fcber die Herkunft des Materials zu geben. Angenommen wird nur schadstofffreie Erde; zur Wiederverwertung<br>nur sauberes, recyclingf\u00e4higes Material.<br>III) M\u00e4ngelr\u00fcge, Haftung, Verj\u00e4hrung<br>3) Wenn wir oder unsere Mitarbeiter vor, bei oder nach einem Abschluss oder in anderem Zusammenhang Rat oder Auskunft erteilen oder eine Empfehlung aussprechen, so haften wir daf\u00fcr nicht.<br>IV) Preise<br>1) Sind besondere Preise nicht schriftlich vereinbart, so gilt jeweils unsere im Zeitpunkt der Anlieferung g\u00fcltige Preisliste. 2) Anlieferungskosten, Kippkosten uns sonstige mit der Anlieferung in Verbindung stehende Kosten werden gesondert berechnet und ausgewiesen. 3) Die bei der Anlieferung jeweils g\u00fcltige Mehrwertsteuer kommt hinzu. 4) Wir sind in allen F\u00e4llen zur Erf\u00fcllung von Verpflichtungen nur bei befriedigender Bonit\u00e4t des Auftraggebers gehalten und k\u00f6nnen unsere Lieferung von Vorauskasse oder vorheriger Bestellung von Sicherheiten abh\u00e4ngig machen, sowie erkl\u00e4ren, dass wir die Lieferung nur gegen Barzahlung ausf\u00fchren oder fortsetzen.<br>V) Zahlungsbedingungen<br>Unsere Rechnungen sind, wenn nichts anderes ausdr\u00fccklich vereinbart ist, bei Inrechnungstellung unserer Lieferungen sofort ohne Abzug f\u00e4llig. Bei Zahlungsverzug werden Verzugszinsen nach \u00a7 288 BGB berechnet.<br>VI) Erf\u00fcllungsort und Gerichtsstand<br>1) Erf\u00fcllungsort f\u00fcr Lieferung, Annahme, Wiederverwertung und Entsorgung ist Sitz unseres Betriebes.<br>2) Erf\u00fcllungsort und Gerichtsstand, auch bei Wechsel- und Schecksachen, ist unabh\u00e4ngig von der H\u00f6he des Streitwertes, das AG Friedberg\/Hessen bzw. LG Gie\u00dfen.<br>VII) Gesetzliche Bestimmungen, Richtlinien und LAGA<br>Es d\u00fcrfen nur mineralische Abf\u00e4lle ( Boden und Bauschutt ) mit einer Schadstoffbelastung gem\u00e4\u00df der LAGA-Zuordnungswerte Z0 und Z1.1 ( LAGA-Zuordnungswerte gem\u00e4\u00df Mitteilungen der LAGA, Heft 20, Anforderungen an die stoffliche Verwertung von mineralischen Reststoffen\/Abf\u00e4llen &#8211; Technische Regeln ) in der Anlage angenommen und behandelt werden.<br>Wir verweisen auf das Regierungspr\u00e4sidium Darmstadt und die uns betreffenden Gesetze wie folgt: BundesImmissionsschutzgesetz (BImSchG), des Kreislaufwirtschaftsgesetz (KrwG),<br>des Hessischen Ausf\u00fchrungsgesetzes zum KrwG (HAKrwG). Das Gesetz zum Schutz von sch\u00e4dlichen Bodenver\u00e4nderungen und zur Sanierung von Altlasten (BBodSchG) sowie die Bundes- bodenschutz- und Altlastenverordnung. Weiterhin auf das Merkblatt des RP Darmstadt &#8222;Entsorgung von Bauabf\u00e4llen&#8220; und die L\u00e4nderarbeitsgemeinschaft (LAGA) 20 Teil 1-3, 35<br>Die kompletten AGB\u00b4s finden Sie auf unserer Homepage unter &#8222;www.wbrgmbh.de&#8220; oder auf Nachfrage in unserer Betriebsst\u00e4tte.<br>VIII) Es wird darauf hingewiesen, dass die \u00fcbernommenen Recyclingbaustoffe gem\u00e4\u00df der geltenden Ersatzbaustoffverordnung (EBV) zu verwenden sind. Die entsprechende Einstufung des \u00fcbernommenen Materials ist im Wiegeschein ausgewiesen und kann somit der entsprechenden Einbautabelle der EBV entnommen werden.<br>Die Art und Weise der Nutzung bzw. des Einbaus der Materialien ist gem\u00e4\u00df den genannten Vorschriften vorzunehmen. F\u00fcr eine nicht ordnungsgem\u00e4\u00dfe Verwendung des Materials haftet ausschlie\u00dflich der K\u00e4ufer. Die Fa. WBR GmbH hat hiermit den K\u00e4ufer der Recyclingbaustoffe auf die m\u00f6gliche Verwendbarkeit hingewiesen.<br>F\u00fcr nicht sach\/- und fachgerechten Einbau bleibt die Fa. WBR haftungsfrei.<\/p>\n","protected":false},"excerpt":{"rendered":"<p>Anschrift: W\u00f6lfersheimer Bauschutt &amp; Rohstoff Verwertung GmbHAuf dem Hals 2 &#8211; 461200 W\u00f6lfersheim \/ Berstadt\u00a0 \u00a0 \u00a0 \u00a0 \u00a0 \u00a0 \u00a0 \u00a0 \u00a0 \u00a0 \u00a0 \u00a0 \u00a0 \u00a0 \u00a0 \u00a0 \u00a0 \u00a0 \u00a0 \u00a0 \u00a0 \u00a0 Kontakt: Betriebsleitung:Tel.:\u00a0 \u00a006036. 9047830Fax.:\u00a0 06036. 9047837timm.jakob@wbrgmbh.de Kontakt:\u00a0 \u00a0 \u00a0 \u00a0 Buchhaltung:Tel.:\u00a0 \u00a006036. 9047831Fax.:\u00a0 06036. 9047837timm.jakob@wbrgmbh.de Gesch\u00e4ftsf\u00fchrerin:Tatiana Mularcikova-Lindt Sitz:W\u00f6lfersheim \/ &hellip; <a href=\"https:\/\/wbrgmbh.de\/?page_id=24\" class=\"more-link\"><span class=\"screen-reader-text\">Impressum und AGB<\/span> weiterlesen <span class=\"meta-nav\">&rarr;<\/span><\/a><\/p>\n","protected":false},"author":1,"featured_media":0,"parent":0,"menu_order":6,"comment_status":"closed","ping_status":"closed","template":"","meta":[],"_links":{"self":[{"href":"https:\/\/wbrgmbh.de\/index.php?rest_route=\/wp\/v2\/pages\/24"}],"collection":[{"href":"https:\/\/wbrgmbh.de\/index.php?rest_route=\/wp\/v2\/pages"}],"about":[{"href":"https:\/\/wbrgmbh.de\/index.php?rest_route=\/wp\/v2\/types\/page"}],"author":[{"embeddable":true,"href":"https:\/\/wbrgmbh.de\/index.php?rest_route=\/wp\/v2\/users\/1"}],"replies":[{"embeddable":true,"href":"https:\/\/wbrgmbh.de\/index.php?rest_route=%2Fwp%2Fv2%2Fcomments&post=24"}],"version-history":[{"count":18,"href":"https:\/\/wbrgmbh.de\/index.php?rest_route=\/wp\/v2\/pages\/24\/revisions"}],"predecessor-version":[{"id":485,"href":"https:\/\/wbrgmbh.de\/index.php?rest_route=\/wp\/v2\/pages\/24\/revisions\/485"}],"wp:attachment":[{"href":"https:\/\/wbrgmbh.de\/index.php?rest_route=%2Fwp%2Fv2%2Fmedia&parent=24"}],"curies":[{"name":"wp","href":"https:\/\/api.w.org\/{rel}","templated":true}]}}